{"id":32,"date":"2026-01-20T14:02:03","date_gmt":"2026-01-20T14:02:03","guid":{"rendered":"https:\/\/www.mikealpha.eu\/home\/"},"modified":"2026-04-13T15:14:44","modified_gmt":"2026-04-13T15:14:44","slug":"home","status":"publish","type":"page","link":"https:\/\/www.mikealpha.eu\/sk\/","title":{"rendered":"Home"},"content":{"rendered":"<p><\/p>\n\n\n\n<div class=\"wp-block-columns is-layout-flex wp-container-core-columns-is-layout-9d6595d7 wp-block-columns-is-layout-flex\">\n<div class=\"wp-block-column is-layout-flow wp-block-column-is-layout-flow\" style=\"flex-basis:66.66%\">\n<h3 class=\"wp-block-heading has-text-align-left has-xx-large-font-size\" style=\"border-style:none;border-width:0px\">Partnerstvo s firmami pre trval\u00fd \u00faspech<\/h3>\n\n\n\n<p style=\"font-size:16px\">Ver\u00edme v priame \u010delenie v\u00fdzvam. V Mike Alpha v\u00e1m nepom\u00e1hame len n\u00e1js\u0165 mosty na va\u0161ej ceste;  kr\u00e1\u010dame po va\u0161om boku, ke\u010f ich prekra\u010dujete. Spolupracujeme s podnikate\u013emi a mal\u00fdmi a stredn\u00fdmi firmami na budovan\u00ed udr\u017eate\u013en\u00e9ho rastu tr\u017eieb a vytv\u00e1ran\u00ed prostredia, v ktorom motivovan\u00e9 a v\u00fdkonn\u00e9 t\u00edmy skuto\u010dne rast\u00fa.<\/p>\n\n\n\n<p style=\"font-size:16px\">We partner with entrepreneurs and SMBs to build sustainable revenue growth and create environments where motivated, high-performing teams thrive.<\/p>\n<\/div>\n\n\n\n<div class=\"wp-block-column is-layout-flow wp-block-column-is-layout-flow\" style=\"flex-basis:33.33%\">\n<figure class=\"wp-block-image size-full has-custom-border is-style-rounded wp-duotone-unset-1\"><img loading=\"lazy\" decoding=\"async\" width=\"820\" height=\"725\" src=\"https:\/\/www.mikealpha.eu\/wp-content\/uploads\/2026\/04\/Mike-Alpha-Consulting-Visual.png\" alt=\"\" class=\"wp-image-450\" style=\"border-style:none;border-width:0px;border-top-left-radius:0px;border-top-right-radius:0px;border-bottom-left-radius:0px;border-bottom-right-radius:0px\" srcset=\"https:\/\/www.mikealpha.eu\/wp-content\/uploads\/2026\/04\/Mike-Alpha-Consulting-Visual.png 820w, https:\/\/www.mikealpha.eu\/wp-content\/uploads\/2026\/04\/Mike-Alpha-Consulting-Visual-300x265.png 300w, https:\/\/www.mikealpha.eu\/wp-content\/uploads\/2026\/04\/Mike-Alpha-Consulting-Visual-768x679.png 768w, https:\/\/www.mikealpha.eu\/wp-content\/uploads\/2026\/04\/Mike-Alpha-Consulting-Visual-14x12.png 14w\" sizes=\"auto, (max-width: 820px) 100vw, 820px\" \/><\/figure>\n<\/div>\n<\/div>\n\n\n\n<hr class=\"wp-block-separator has-alpha-channel-opacity\"\/>\n\n\n\n<h3 class=\"wp-block-heading\">Podporujeme podnikate\u013eov, rastieme spolo\u010dne<\/h3>\n\n\n\n<p class=\"has-text-align-left\">L\u00eddri Mike Alpha za roky praxe nazbierali sk\u00fasenosti&nbsp;<strong>na medzin\u00e1rodnej i lok\u00e1lnej \u00farovni<\/strong>&nbsp;v oblasti v\u00fdroby, sektore slu\u017eieb a prostred\u00ed medziodvetvov\u00e9ho poradenstva. Na\u0161a skupina disponuje \u0161pecifick\u00fdmi zru\u010dnos\u0165ami v oblasti produktivity pracovnej sily a riadenia v\u00fdkonu, business kou\u010dingu, anga\u017eovanosti zamestnancov a projektov\u00e9ho riadenia.<\/p>\n\n\n\n<div class=\"wp-block-columns is-layout-flex wp-container-core-columns-is-layout-9d6595d7 wp-block-columns-is-layout-flex\">\n<div class=\"wp-block-column is-layout-flow wp-block-column-is-layout-flow\" style=\"flex-basis:33.33%\"><div class=\"wp-block-image\">\n<figure class=\"aligncenter size-full\"><img loading=\"lazy\" decoding=\"async\" width=\"825\" height=\"721\" src=\"https:\/\/www.mikealpha.eu\/wp-content\/uploads\/2026\/04\/Mike-Alpha-Consulting-Fractional-1.png\" alt=\"\" class=\"wp-image-452\" srcset=\"https:\/\/www.mikealpha.eu\/wp-content\/uploads\/2026\/04\/Mike-Alpha-Consulting-Fractional-1.png 825w, https:\/\/www.mikealpha.eu\/wp-content\/uploads\/2026\/04\/Mike-Alpha-Consulting-Fractional-1-300x262.png 300w, https:\/\/www.mikealpha.eu\/wp-content\/uploads\/2026\/04\/Mike-Alpha-Consulting-Fractional-1-768x671.png 768w, https:\/\/www.mikealpha.eu\/wp-content\/uploads\/2026\/04\/Mike-Alpha-Consulting-Fractional-1-14x12.png 14w\" sizes=\"auto, (max-width: 825px) 100vw, 825px\" \/><\/figure>\n<\/div><\/div>\n\n\n\n<div class=\"wp-block-column is-layout-flow wp-block-column-is-layout-flow\" style=\"flex-basis:66.66%\">\n<div class=\"wp-block-group is-style-ext-preset--group--natural-1--item-card-1--align-start\"><div class=\"wp-block-group__inner-container is-layout-constrained wp-block-group-is-layout-constrained\">\n<div class=\"wp-block-group is-style-default\"><div class=\"wp-block-group__inner-container is-layout-constrained wp-block-group-is-layout-constrained\">\n<div class=\"wp-block-group is-nowrap is-layout-flex wp-container-core-group-is-layout-3c817655 wp-block-group-is-layout-flex\" style=\"padding-top:0;padding-right:0;padding-bottom:0;padding-left:0\">\n<figure class=\"wp-block-image size-large ext-aspect-landscape wp-duotone-varpresetduotoneprimary-foreground-2\"><img decoding=\"async\" src=\"data:image\/svg+xml;base64,PHN2ZyB4bWxucz0iaHR0cDovL3d3dy53My5vcmcvMjAwMC9zdmciIHdpZHRoPSI0OCIgaGVpZ2h0PSI0OCIgZmlsbD0iIzAwMDAwMCIgdmlld0JveD0iMCAwIDI1NiAyNTYiPjxwYXRoIGQ9Ik0xNzIsNzZhNDQsNDQsMCwxLDAtNDQsNDRBNDQuMDUsNDQuMDUsMCwwLDAsMTcyLDc2Wm0tNDQsMjhhMjgsMjgsMCwxLDEsMjgtMjhBMjgsMjgsMCwwLDEsMTI4LDEwNFptNjAsMjRhNDQsNDQsMCwxLDAsNDQsNDRBNDQuMDUsNDQuMDUsMCwwLDAsMTg4LDEyOFptMCw3MmEyOCwyOCwwLDEsMSwyOC0yOEEyOCwyOCwwLDAsMSwxODgsMjAwWk02OCwxMjhhNDQsNDQsMCwxLDAsNDQsNDRBNDQuMDUsNDQuMDUsMCwwLDAsNjgsMTI4Wm0wLDcyYTI4LDI4LDAsMSwxLDI4LTI4QTI4LDI4LDAsMCwxLDY4LDIwMFoiPjwvcGF0aD48L3N2Zz4=\" alt=\"\" style=\"object-fit:cover\"\/><\/figure>\n\n\n\n<div class=\"wp-block-group wp-container-content-958eb9dc\" style=\"padding-top:0;padding-right:0;padding-bottom:0;padding-left:0\"><div class=\"wp-block-group__inner-container is-layout-constrained wp-container-core-group-is-layout-ce3938d8 wp-block-group-is-layout-constrained\">\n<h4 class=\"wp-block-heading\">Rastov\u00e9 strat\u00e9gie<\/h4>\n\n\n\n<p style=\"border-style:none;border-width:0px\">Vyv\u00edjame a realizujeme individu\u00e1lne pl\u00e1ny, ktor\u00e9 prin\u00e1\u0161aj\u00fa merate\u013en\u00fd a trval\u00fd rast<\/p>\n<\/div><\/div>\n<\/div>\n<\/div><\/div>\n<\/div><\/div>\n\n\n\n<div class=\"wp-block-group is-style-ext-preset--group--natural-1--item-card-1--align-start\"><div class=\"wp-block-group__inner-container is-layout-constrained wp-block-group-is-layout-constrained\">\n<div class=\"wp-block-group is-style-default\"><div class=\"wp-block-group__inner-container is-layout-constrained wp-block-group-is-layout-constrained\">\n<div class=\"wp-block-group is-nowrap is-layout-flex wp-container-core-group-is-layout-3c817655 wp-block-group-is-layout-flex\" style=\"padding-top:0;padding-right:0;padding-bottom:0;padding-left:0\">\n<figure class=\"wp-block-image size-large ext-aspect-landscape wp-duotone-varpresetduotoneprimary-foreground-3\"><img decoding=\"async\" src=\"data:image\/svg+xml;base64,PHN2ZyB4bWxucz0iaHR0cDovL3d3dy53My5vcmcvMjAwMC9zdmciIHdpZHRoPSI0OCIgaGVpZ2h0PSI0OCIgZmlsbD0iIzAwMDAwMCIgdmlld0JveD0iMCAwIDI1NiAyNTYiPjxwYXRoIGQ9Ik04MCw0MGE0MCw0MCwwLDEsMCw0MCw0MEE0MCw0MCwwLDAsMCw4MCw0MFptMCw2NGEyNCwyNCwwLDEsMSwyNC0yNEEyNCwyNCwwLDAsMSw4MCwxMDRabTk2LDE2YTQwLDQwLDAsMSwwLTQwLTQwQTQwLDQwLDAsMCwwLDE3NiwxMjBabTAtNjRhMjQsMjQsMCwxLDEtMjQsMjRBMjQsMjQsMCwwLDEsMTc2LDU2Wk04MCwxMzZhNDAsNDAsMCwxLDAsNDAsNDBBNDAsNDAsMCwwLDAsODAsMTM2Wm0wLDY0YTI0LDI0LDAsMSwxLDI0LTI0QTI0LDI0LDAsMCwxLDgwLDIwMFptOTYtNjRhNDAsNDAsMCwxLDAsNDAsNDBBNDAsNDAsMCwwLDAsMTc2LDEzNlptMCw2NGEyNCwyNCwwLDEsMSwyNC0yNEEyNCwyNCwwLDAsMSwxNzYsMjAwWiI+PC9wYXRoPjwvc3ZnPg==\" alt=\"\" style=\"object-fit:cover\"\/><\/figure>\n\n\n\n<div class=\"wp-block-group wp-container-content-958eb9dc\" style=\"padding-top:0;padding-right:0;padding-bottom:0;padding-left:0\"><div class=\"wp-block-group__inner-container is-layout-constrained wp-container-core-group-is-layout-ce3938d8 wp-block-group-is-layout-constrained\">\n<h4 class=\"wp-block-heading\">Rozvoj v\u00fdkonnosti t\u00edmu<\/h4>\n\n\n\n<p>Vytv\u00e1rame prostredie, v ktorom motivovan\u00e9 t\u00edmy trvalo dosahuj\u00fa v\u00fdsledky s vysok\u00fdm dopadom.<\/p>\n<\/div><\/div>\n<\/div>\n<\/div><\/div>\n<\/div><\/div>\n\n\n\n<div class=\"wp-block-group is-style-ext-preset--group--natural-1--item-card-1--align-start\"><div class=\"wp-block-group__inner-container is-layout-constrained wp-block-group-is-layout-constrained\">\n<div class=\"wp-block-group is-style-default\"><div class=\"wp-block-group__inner-container is-layout-constrained wp-block-group-is-layout-constrained\">\n<div class=\"wp-block-group is-nowrap is-layout-flex wp-container-core-group-is-layout-3c817655 wp-block-group-is-layout-flex\" style=\"padding-top:0;padding-right:0;padding-bottom:0;padding-left:0\">\n<figure class=\"wp-block-image size-large ext-aspect-landscape wp-duotone-varpresetduotoneprimary-foreground-4\"><img decoding=\"async\" src=\"data:image\/svg+xml;base64,PHN2ZyB4bWxucz0iaHR0cDovL3d3dy53My5vcmcvMjAwMC9zdmciIHdpZHRoPSI0OCIgaGVpZ2h0PSI0OCIgZmlsbD0iIzAwMDAwMCIgdmlld0JveD0iMCAwIDI1NiAyNTYiPjxwYXRoIGQ9Ik04MCw0MGE0MCw0MCwwLDEsMCw0MCw0MEE0MCw0MCwwLDAsMCw4MCw0MFptMCw2NGEyNCwyNCwwLDEsMSwyNC0yNEEyNCwyNCwwLDAsMSw4MCwxMDRabTk2LDE2YTQwLDQwLDAsMSwwLTQwLTQwQTQwLDQwLDAsMCwwLDE3NiwxMjBabTAtNjRhMjQsMjQsMCwxLDEtMjQsMjRBMjQsMjQsMCwwLDEsMTc2LDU2Wk04MCwxMzZhNDAsNDAsMCwxLDAsNDAsNDBBNDAsNDAsMCwwLDAsODAsMTM2Wm0wLDY0YTI0LDI0LDAsMSwxLDI0LTI0QTI0LDI0LDAsMCwxLDgwLDIwMFptMTM2LTI0YTgsOCwwLDAsMS04LDhIMTg0djI0YTgsOCwwLDAsMS0xNiwwVjE4NEgxNDRhOCw4LDAsMCwxLDAtMTZoMjRWMTQ0YTgsOCwwLDAsMSwxNiwwdjI0aDI0QTgsOCwwLDAsMSwyMTYsMTc2WiI+PC9wYXRoPjwvc3ZnPg==\" alt=\"\" style=\"object-fit:cover\"\/><\/figure>\n\n\n\n<div class=\"wp-block-group wp-container-content-958eb9dc\" style=\"padding-top:0;padding-right:0;padding-bottom:0;padding-left:0\"><div class=\"wp-block-group__inner-container is-layout-constrained wp-container-core-group-is-layout-ce3938d8 wp-block-group-is-layout-constrained\">\n<h4 class=\"wp-block-heading\">Partnerstvo postaven\u00e9 na spolupr\u00e1ci<\/h4>\n\n\n\n<p>Sme po va\u0161om boku pri prekon\u00e1van\u00ed v\u00fdziev a s istotou vyu\u017e\u00edvame nov\u00e9 pr\u00edle\u017eitosti.<\/p>\n<\/div><\/div>\n<\/div>\n<\/div><\/div>\n<\/div><\/div>\n<\/div>\n<\/div>\n\n\n\n<p><\/p>","protected":false},"excerpt":{"rendered":"<p>Partnering with Businesses to Drive Lasting Success We believe in meeting challenges head-on. At Mike Alpha, we don\u2019t just help you find the bridges in your business journey\u2014we walk alongside you as you cross them. We partner with entrepreneurs and SMBs to build sustainable revenue growth and create environments where motivated, high-performing teams thrive. Empowering&#8230;<\/p>","protected":false},"author":1,"featured_media":0,"parent":0,"menu_order":0,"comment_status":"closed","ping_status":"closed","template":"","meta":{"_kad_post_transparent":"","_kad_post_title":"","_kad_post_layout":"","_kad_post_sidebar_id":"","_kad_post_content_style":"","_kad_post_vertical_padding":"","_kad_post_feature":"","_kad_post_feature_position":"","_kad_post_header":false,"_kad_post_footer":false,"_kad_post_classname":"","footnotes":""},"class_list":["post-32","page","type-page","status-publish","hentry"],"aioseo_notices":[],"_links":{"self":[{"href":"https:\/\/www.mikealpha.eu\/sk\/wp-json\/wp\/v2\/pages\/32","targetHints":{"allow":["GET"]}}],"collection":[{"href":"https:\/\/www.mikealpha.eu\/sk\/wp-json\/wp\/v2\/pages"}],"about":[{"href":"https:\/\/www.mikealpha.eu\/sk\/wp-json\/wp\/v2\/types\/page"}],"author":[{"embeddable":true,"href":"https:\/\/www.mikealpha.eu\/sk\/wp-json\/wp\/v2\/users\/1"}],"replies":[{"embeddable":true,"href":"https:\/\/www.mikealpha.eu\/sk\/wp-json\/wp\/v2\/comments?post=32"}],"version-history":[{"count":41,"href":"https:\/\/www.mikealpha.eu\/sk\/wp-json\/wp\/v2\/pages\/32\/revisions"}],"predecessor-version":[{"id":468,"href":"https:\/\/www.mikealpha.eu\/sk\/wp-json\/wp\/v2\/pages\/32\/revisions\/468"}],"wp:attachment":[{"href":"https:\/\/www.mikealpha.eu\/sk\/wp-json\/wp\/v2\/media?parent=32"}],"curies":[{"name":"wp","href":"https:\/\/api.w.org\/{rel}","templated":true}]}}