{"id":31,"date":"2026-01-20T14:02:02","date_gmt":"2026-01-20T14:02:02","guid":{"rendered":"https:\/\/www.mikealpha.eu\/services\/"},"modified":"2026-04-24T07:55:15","modified_gmt":"2026-04-24T07:55:15","slug":"leadership-on-demand","status":"publish","type":"page","link":"https:\/\/www.mikealpha.eu\/sk\/leadership-on-demand\/","title":{"rendered":"Leadership on Demand"},"content":{"rendered":"<p><\/p>\n\n\n\n<h3 class=\"wp-block-heading\" style=\"border-style:none;border-width:0px;padding-top:0;padding-bottom:0\">Sk\u00fasen\u00fd l\u00edder presne vtedy, ke\u010f ho najviac potrebujete - bez fixn\u00fdch n\u00e1kladov<\/h3>\n\n\n\n<p class=\"has-text-align-left\" style=\"font-size:16px\">Ke\u010f dopyt kles\u00e1, mar\u017ee sa sten\u010duj\u00fa a rozhodnutia sa \u0165a\u017eko robia osamote. To je presne chv\u00ed\u013ea, ke\u010f m\u00e1 zmysel ma\u0165 po boku niekoho, kto t\u00fdm u\u017e pre\u0161iel. Nie poradcu s prezent\u00e1ciou. Copilota s rukami na kniple.<\/p>\n\n\n\n<div class=\"wp-block-columns is-layout-flex wp-container-core-columns-is-layout-9d6595d7 wp-block-columns-is-layout-flex\">\n<div class=\"wp-block-column is-layout-flow wp-block-column-is-layout-flow\" style=\"flex-basis:33.33%\">\n<figure class=\"wp-block-image size-full is-resized has-custom-border\"><img loading=\"lazy\" decoding=\"async\" width=\"824\" height=\"725\" src=\"https:\/\/www.mikealpha.eu\/wp-content\/uploads\/2026\/04\/Mike-Alpha-Consulting-Visual3.png\" alt=\"\" class=\"wp-image-454\" style=\"border-style:none;border-width:0px;border-top-left-radius:0px;border-top-right-radius:0px;border-bottom-left-radius:0px;border-bottom-right-radius:0px;aspect-ratio:1.3581625604420908;width:291px;height:auto\" srcset=\"https:\/\/www.mikealpha.eu\/wp-content\/uploads\/2026\/04\/Mike-Alpha-Consulting-Visual3.png 824w, https:\/\/www.mikealpha.eu\/wp-content\/uploads\/2026\/04\/Mike-Alpha-Consulting-Visual3-300x264.png 300w, https:\/\/www.mikealpha.eu\/wp-content\/uploads\/2026\/04\/Mike-Alpha-Consulting-Visual3-768x676.png 768w, https:\/\/www.mikealpha.eu\/wp-content\/uploads\/2026\/04\/Mike-Alpha-Consulting-Visual3-14x12.png 14w\" sizes=\"auto, (max-width: 824px) 100vw, 824px\" \/><\/figure>\n<\/div>\n\n\n\n<div class=\"wp-block-column is-layout-flow wp-block-column-is-layout-flow\" style=\"flex-basis:66.66%\">\n<h4 class=\"wp-block-heading\" style=\"font-size:24px\"><strong>\u010co je frak\u010dn\u00fd mana\u017ement<\/strong><\/h4>\n\n\n\n<p style=\"font-size:16px\">Frak\u010dn\u00fd mana\u017e\u00e9r je sk\u00fasen\u00fd l\u00edder (CFO, COO, CEO, HR riadite\u013e alebo obchodn\u00fd riadite\u013e), ktor\u00fd pre va\u0161u firmu pracuje na \u010diasto\u010dn\u00fd \u00fav\u00e4zok, po dobu definovan\u00e9ho obdobia a s jasn\u00fdm mand\u00e1tom.<\/p>\n\n\n\n<p style=\"font-size:16px\">Z\u00edskate rovnak\u00fa \u00farove\u0148 sk\u00fasenost\u00ed ako u intern\u00e9ho senior mana\u017e\u00e9ra. Bez dlhodob\u00e9ho z\u00e1v\u00e4zku. Bez fixn\u00fdch n\u00e1kladov. A bez n\u00e1borov\u00e9ho procesu, onboardingu alebo rozbiehacej f\u00e1zy; na\u0161i partneri nastupuj\u00fa s know-how z desiatok podobn\u00fdch situ\u00e1ci\u00ed.<\/p>\n<\/div>\n<\/div>\n\n\n\n<h4 class=\"wp-block-heading\"><strong>Kedy to d\u00e1va zmysel<\/strong><\/h4>\n\n\n\n<p style=\"font-size:16px\"><strong>Ke\u010f viete, \u010do sa deje, ale neviete,  \u010do s t\u00fdm<\/strong>&nbsp;Tr\u017eby nejd\u00fa pod\u013ea pl\u00e1nu. N\u00e1klady neklesaj\u00fa tak r\u00fdchlo ako tr\u017eby. Potrebujete niekoho, kto sa pozrie na \u010d\u00edsla bez em\u00f3ci\u00ed a pom\u00f4\u017ee nastavi\u0165 smer.<\/p>\n\n\n\n<p style=\"font-size:16px\"><strong>Ke\u010f potrebujete rozhodn\u00fa\u0165 o \u013eu\u010foch<\/strong>&nbsp;Udr\u017eanie k\u013e\u00fa\u010dov\u00fdch \u013eud\u00ed, re\u0161trukturaliz\u00e1cia t\u00edmu alebo reorganiz\u00e1cia - to s\u00fa rozhodnutia, ktor\u00e9 majite\u013e \u0165a\u017eko rob\u00ed s\u00e1m. Nie preto, \u017ee by nevedel, \u010do treba urobi\u0165. Ale preto, \u017ee je pr\u00edli\u0161 bl\u00edzko cel\u00e9ho diania.<\/p>\n\n\n\n<p style=\"font-size:16px\"><strong>Ke\u010f odi\u0161iel k\u013e\u00fa\u010dov\u00fd \u010dlovek<\/strong>&nbsp;Chcete udr\u017ea\u0165 chod firmy a z\u00e1rove\u0148 si da\u0165 \u010das na spr\u00e1vne n\u00e1borov\u00e9 rozhodnutie? Frak\u010dn\u00fd mana\u017e\u00e9r nast\u00fapi okam\u017eite, stabilizuje situ\u00e1ciu a odovzd\u00e1 firmu pripraven\u00fa na \u010fal\u0161\u00ed rozvoj.<\/p>\n\n\n\n<p style=\"font-size:16px\"><strong>Ke\u010f uva\u017eujete o predaji alebo vstupe investora<\/strong>&nbsp;Firma z\u00e1visl\u00e1 na majite\u013eovi, so slab\u00fdm mana\u017ementom alebo nejasne definovan\u00fdmi procesmi sa \u0165a\u017eko pred\u00e1va za dobr\u00fa cenu. Frak\u010dn\u00fd CEO alebo CFO pom\u00f4\u017ee firmu pripravi\u0165 tak, aby jej hodnota bola vidite\u013en\u00e1 aj navonok.<\/p>\n\n\n\n<p style=\"font-size:16px\"><strong>Ke\u010f ste startup a nepotrebujete C-level na pln\u00fd \u00fav\u00e4zok<\/strong>&nbsp;potrebujete sk\u00fasenosti z top mana\u017ementu, ale firma e\u0161te nie je pripraven\u00e1 na riadite\u013ea na pln\u00fd \u00fav\u00e4zok. Frak\u010dn\u00fd model v\u00e1m d\u00e1 presne to, \u010do potrebujete a ni\u010d viac.<\/p>\n\n\n\n<p style=\"font-size:16px\"><\/p>\n\n\n\n<p><\/p>\n\n\n\n<div class=\"wp-block-columns is-layout-flex wp-container-core-columns-is-layout-9d6595d7 wp-block-columns-is-layout-flex\">\n<div class=\"wp-block-column is-layout-flow wp-block-column-is-layout-flow\" style=\"flex-basis:33.33%\">\n<figure class=\"wp-block-image size-full has-custom-border\"><img loading=\"lazy\" decoding=\"async\" width=\"820\" height=\"725\" src=\"https:\/\/www.mikealpha.eu\/wp-content\/uploads\/2026\/04\/Mike-Alpha-Consulting-Visual-1.png\" alt=\"\" class=\"wp-image-456\" style=\"border-style:none;border-width:0px\" srcset=\"https:\/\/www.mikealpha.eu\/wp-content\/uploads\/2026\/04\/Mike-Alpha-Consulting-Visual-1.png 820w, https:\/\/www.mikealpha.eu\/wp-content\/uploads\/2026\/04\/Mike-Alpha-Consulting-Visual-1-300x265.png 300w, https:\/\/www.mikealpha.eu\/wp-content\/uploads\/2026\/04\/Mike-Alpha-Consulting-Visual-1-768x679.png 768w, https:\/\/www.mikealpha.eu\/wp-content\/uploads\/2026\/04\/Mike-Alpha-Consulting-Visual-1-14x12.png 14w\" sizes=\"auto, (max-width: 820px) 100vw, 820px\" \/><\/figure>\n<\/div>\n\n\n\n<div class=\"wp-block-column is-layout-flow wp-block-column-is-layout-flow\" style=\"flex-basis:66.66%\">\n<h4 class=\"wp-block-heading\">Ako pracujeme<\/h4>\n\n\n\n<p style=\"font-size:16px\"><strong>1. Porozumieme va\u0161ej situ\u00e1cii<\/strong>&nbsp;Neprich\u00e1dzame s hotov\u00fdm rie\u0161en\u00edm. Prvn\u00fdm krokom je v\u017edy hlbok\u00e9 pochopenie toho, kde sa nach\u00e1dzate - finan\u010dne, prev\u00e1dzkovo aj z poh\u013eadu \u013eud\u00ed. Kladieme nepr\u00edjemn\u00e9 ot\u00e1zky, preto\u017ee pr\u00e1ve tam sa skr\u00fdvaj\u00fa odpovede.<\/p>\n\n\n\n<p style=\"font-size:16px\"><strong>2. Nasad\u00edme spr\u00e1vneho \u010dloveka<\/strong>&nbsp;Z na\u0161ej partnerskej siete vyberieme toho, kto m\u00e1 priame, praktick\u00e9 sk\u00fasenosti s va\u0161ou konkr\u00e9tnou situ\u00e1ciou. Nie teoretick\u00e9, z praxe. Budete vedie\u0165, kto to bude a pre\u010do, e\u0161te pred jeho n\u00e1stupom.<\/p>\n\n\n\n<p style=\"font-size:16px\"><strong>3. Prin\u00e1\u0161ame v\u00fdsledky, nie dokumenty<\/strong>&nbsp;Na\u0161i frak\u010dn\u00ed l\u00eddri nep\u00ed\u0161u odpor\u00fa\u010dania. Rozhoduj\u00fa, ved\u00fa \u013eud\u00ed a presadzuj\u00fa zmeny. V\u00fdsledky s\u00fa merate\u013en\u00e9 a stanoven\u00e9 vopred.<\/p>\n\n\n\n<p style=\"font-size:16px\"><strong>4. Priebe\u017ene sledujeme postup<\/strong>&nbsp;Ka\u017ed\u00fd t\u00fd\u017ede\u0148 vieme, kde stoj\u00edme. Ka\u017ed\u00fd mesiac vyhodnocujeme, \u010di sa uber\u00e1me spr\u00e1vnym smerom. Ak je potrebn\u00e1 korekcia kurzu, urob\u00edme ju sk\u00f4r, ne\u017e sa situ\u00e1cia skomplikuje.<\/p>\n<\/div>\n<\/div>\n\n\n\n<p><\/p>\n\n\n\n<p><\/p>\n\n\n\n<div class=\"wp-block-columns is-layout-flex wp-container-core-columns-is-layout-9d6595d7 wp-block-columns-is-layout-flex\">\n<div class=\"wp-block-column is-layout-flow wp-block-column-is-layout-flow\" style=\"flex-basis:33.33%\">\n<figure class=\"wp-block-image size-full has-custom-border\"><img loading=\"lazy\" decoding=\"async\" width=\"825\" height=\"748\" src=\"https:\/\/www.mikealpha.eu\/wp-content\/uploads\/2026\/04\/Mike-Alpha-Consulting-Us.png\" alt=\"\" class=\"wp-image-458\" style=\"border-style:none;border-width:0px\" srcset=\"https:\/\/www.mikealpha.eu\/wp-content\/uploads\/2026\/04\/Mike-Alpha-Consulting-Us.png 825w, https:\/\/www.mikealpha.eu\/wp-content\/uploads\/2026\/04\/Mike-Alpha-Consulting-Us-300x272.png 300w, https:\/\/www.mikealpha.eu\/wp-content\/uploads\/2026\/04\/Mike-Alpha-Consulting-Us-768x696.png 768w, https:\/\/www.mikealpha.eu\/wp-content\/uploads\/2026\/04\/Mike-Alpha-Consulting-Us-13x12.png 13w\" sizes=\"auto, (max-width: 825px) 100vw, 825px\" \/><\/figure>\n<\/div>\n\n\n\n<div class=\"wp-block-column is-layout-flow wp-block-column-is-layout-flow\" style=\"flex-basis:66.66%\">\n<h4 class=\"wp-block-heading\" style=\"font-size:24px\"><strong>Pre\u010do Mike Alpha<\/strong><\/h4>\n\n\n\n<p style=\"font-size:16px\"><strong>Nikdy to nie je n\u00e1\u0161 prv\u00fd pokus<\/strong>&nbsp;Ka\u017ed\u00fd z na\u0161ich partnerov vstupuje do firmy s overenou praxou z podobn\u00fdch situ\u00e1ci\u00ed. Klienti neplatia za u\u010denie, platia za sk\u00fasenosti.<\/p>\n\n\n\n<p style=\"font-size:16px\"><strong>Ego zost\u00e1va za dverami<\/strong>&nbsp;Neprich\u00e1dzame s hotov\u00fdmi odpove\u010fami a potrebou ma\u0165 pravdu. Prich\u00e1dzame s ochotou porozumie\u0165 v\u00e1\u0161mu podnikaniu a pracova\u0165 na v\u00fdsledkoch, aj keby to znamenalo prehodnoti\u0165 p\u00f4vodn\u00fd pl\u00e1n.<\/p>\n\n\n\n<p style=\"font-size:16px\"><strong>M\u00ed\u013eniky, nie hodiny<\/strong>&nbsp;Pracujeme na z\u00e1klade dohodnut\u00fdch v\u00fdsledkov, nie zaznamenan\u00fdch hod\u00edn. V\u017edy viete, za \u010do plat\u00edte a \u010do za to dostanete.<\/p>\n\n\n\n<p style=\"font-size:16px\"><strong>Z\u00e1vislos\u0165 nie je na\u0161im z\u00e1merom<\/strong>&nbsp;Chceme odovzda\u0165 firmu, ktor\u00e1 funguje bez n\u00e1s. Ak sa rozhodnete v spolupr\u00e1ci pokra\u010dova\u0165, malo by to by\u0165 preto, \u017ee chcete \u2013 nie preto, \u017ee mus\u00edte.<\/p>\n<\/div>\n<\/div>\n\n\n\n<p>Mike Alpha je realiza\u010dn\u00e1 platforma pre operat\u00edvnu podporu na seniorskej \u00farovni v krajin\u00e1ch CEE. Projektov\u00e9 t\u00edmy vedie\u00a0<a href=\"http:\/\/tonymrocek.com\" target=\"_blank\" rel=\"noopener\" title=\"\">Tony Mrocek<\/a>, fractional executive a interim mana\u017e\u00e9r s vy\u0161e 25-ro\u010dnou praxou v oblasti v\u00fdroby, slu\u017eeb a obchodu.<\/p>\n\n\n\n<p><\/p>","protected":false},"excerpt":{"rendered":"<p>An experienced leader when you need one most \u2014 without fixed costs When demand drops, margins tighten, and decisions are hard to make alone \u2014 that&#8217;s exactly when it makes sense to have someone by your side who has been through it before. Not a consultant with a slide deck. A co-pilot with hands on&#8230;<\/p>","protected":false},"author":1,"featured_media":0,"parent":0,"menu_order":0,"comment_status":"closed","ping_status":"closed","template":"","meta":{"_kad_post_transparent":"","_kad_post_title":"","_kad_post_layout":"default","_kad_post_sidebar_id":"","_kad_post_content_style":"","_kad_post_vertical_padding":"","_kad_post_feature":"","_kad_post_feature_position":"","_kad_post_header":false,"_kad_post_footer":false,"_kad_post_classname":"","footnotes":""},"class_list":["post-31","page","type-page","status-publish","hentry"],"aioseo_notices":[],"_links":{"self":[{"href":"https:\/\/www.mikealpha.eu\/sk\/wp-json\/wp\/v2\/pages\/31","targetHints":{"allow":["GET"]}}],"collection":[{"href":"https:\/\/www.mikealpha.eu\/sk\/wp-json\/wp\/v2\/pages"}],"about":[{"href":"https:\/\/www.mikealpha.eu\/sk\/wp-json\/wp\/v2\/types\/page"}],"author":[{"embeddable":true,"href":"https:\/\/www.mikealpha.eu\/sk\/wp-json\/wp\/v2\/users\/1"}],"replies":[{"embeddable":true,"href":"https:\/\/www.mikealpha.eu\/sk\/wp-json\/wp\/v2\/comments?post=31"}],"version-history":[{"count":36,"href":"https:\/\/www.mikealpha.eu\/sk\/wp-json\/wp\/v2\/pages\/31\/revisions"}],"predecessor-version":[{"id":493,"href":"https:\/\/www.mikealpha.eu\/sk\/wp-json\/wp\/v2\/pages\/31\/revisions\/493"}],"wp:attachment":[{"href":"https:\/\/www.mikealpha.eu\/sk\/wp-json\/wp\/v2\/media?parent=31"}],"curies":[{"name":"wp","href":"https:\/\/api.w.org\/{rel}","templated":true}]}}